{"id":84,"date":"2015-04-22T20:06:59","date_gmt":"2015-04-22T20:06:59","guid":{"rendered":"http:\/\/sksfbih.ba:8888\/v3\/?page_id=84"},"modified":"2025-08-17T14:06:13","modified_gmt":"2025-08-17T14:06:13","slug":"profilink-prozori","status":"publish","type":"page","link":"https:\/\/www.saemcompany.com\/?page_id=84","title":{"rendered":"Prozorski sistemi"},"content":{"rendered":"\t\t<div data-elementor-type=\"wp-page\" data-elementor-id=\"84\" class=\"elementor elementor-84\">\n\t\t\t\t\t\t<section class=\"elementor-section elementor-top-section elementor-element elementor-element-4e048984 elementor-section-boxed elementor-section-height-default elementor-section-height-default\" data-id=\"4e048984\" data-element_type=\"section\">\n\t\t\t\t\t\t<div class=\"elementor-container elementor-column-gap-default\">\n\t\t\t\t\t<div class=\"elementor-column elementor-col-100 elementor-top-column elementor-element elementor-element-32302370\" data-id=\"32302370\" data-element_type=\"column\">\n\t\t\t<div class=\"elementor-widget-wrap elementor-element-populated\">\n\t\t\t\t\t\t<div class=\"elementor-element elementor-element-12f9934 elementor-widget elementor-widget-text-editor\" data-id=\"12f9934\" data-element_type=\"widget\" data-widget_type=\"text-editor.default\">\n\t\t\t\t<div class=\"elementor-widget-container\">\n\t\t\t\t\t\t\t\t\t<p>&#8220;PROFILINK Premium&#8221; je 6-komorski i 5-komorski sistem sa dubinom profila od 70 mm, za proizvodnju PVC prozora visokog kvaliteta. Ovaj sistem se odlikuje svojim lijepim dizajnom i mogu\u0107no\u0161\u0107u da se renoviraju stari prozori (sa okvirom Renovation), kao i da se montiraju prozori bez potrebe od zavr\u0161nih radova (sa okvirom Zet).<\/p><h4><a href=\"http:\/\/saemcompany.com\/v3\/wp-content\/uploads\/2015\/04\/premium.jpg\"><img decoding=\"async\" class=\"alignleft wp-image-129\" src=\"http:\/\/saemcompany.com\/v3\/wp-content\/uploads\/2015\/04\/premium-150x150.jpg\" alt=\"Premium\" width=\"150\" height=\"150\" srcset=\"https:\/\/www.saemcompany.com\/wp-content\/uploads\/2015\/04\/premium-150x150.jpg 150w, https:\/\/www.saemcompany.com\/wp-content\/uploads\/2015\/04\/premium-300x300.jpg 300w, https:\/\/www.saemcompany.com\/wp-content\/uploads\/2015\/04\/premium.jpg 1000w\" sizes=\"(max-width: 150px) 100vw, 150px\" \/><\/a>Prozorski sistem &#8220;Premium&#8221;<\/h4><p>Implementacija &#8220;sa izmje\u0161tenim ravnima&#8221; nudi veoma visok koeficijent toplotne provodljivosti, a mje\u0161ovita geometrija od ravnih i zakrivljenih linija doprinosi izuzetno lijepom prozoru.<\/p><hr \/><p><a href=\"http:\/\/saemcompany.com\/v3\/wp-content\/uploads\/2015\/04\/premium_plus.jpg\"><img decoding=\"async\" class=\"alignleft size-thumbnail wp-image-130\" src=\"http:\/\/saemcompany.com\/v3\/wp-content\/uploads\/2015\/04\/premium_plus-150x150.jpg\" alt=\"Premium plus\" width=\"150\" height=\"150\" srcset=\"https:\/\/www.saemcompany.com\/wp-content\/uploads\/2015\/04\/premium_plus-150x150.jpg 150w, https:\/\/www.saemcompany.com\/wp-content\/uploads\/2015\/04\/premium_plus-300x300.jpg 300w, https:\/\/www.saemcompany.com\/wp-content\/uploads\/2015\/04\/premium_plus.jpg 1000w\" sizes=\"(max-width: 150px) 100vw, 150px\" \/><\/a><\/p><h4>Prozorski sistem &#8220;Premium +&#8221;<\/h4><p>Sa svojim dodatnim izolacionim komorama, ova opcija nudi izuzetan koeficijent toplotne provodljivosti.<\/p><blockquote><h6><em>Savr\u0161eni koeficijent prolaza toplote omogu\u0107ava dostizanje evropskih standarda za \u0161tednju energije, \u010dak i sa niskobud\u017eetnim jednokomornim staklo-paketima.\u00a0<\/em><\/h6><h6><em>Za\u0161tita od buke dosti\u017ee do odli\u010dnog nivoa sa normalnim staklo-paketom, a sa specijalnim staklima se posti\u017eu jo\u0161 ve\u0107i nivoi za\u0161tite.<\/em><\/h6><h6><em>Debljina staklo-paketa do 36 mm \u010dini mogu\u0107im postavljanje stakala sa najmodernijim sistemima za toplotnu izolaciju i za\u0161titu od buke.<\/em><\/h6><h6><em>Rezultati testova osposobljenosti, kada su u pitanju propustljivost vazduha i gustina izolacije, prilikom jake ki\u0161e, odgovaraju najvi\u0161im zahtjevima.<\/em><\/h6><h6><em>Montirani u profilni sistem, armirani okovi, predla\u017eu visok stepen za\u0161tite od provala. Bez problema se dosti\u017eu stepeni za\u0161tite od provala, klase WK1, WK2 i WK3.<\/em><\/h6><h6><em>Visoko kvalitetni i izdr\u017eljivi, proizvodi PROFILINK se odlikuju dugoro\u010dnim periodom upotrebe.<\/em><\/h6><\/blockquote>\t\t\t\t\t\t\t\t<\/div>\n\t\t\t\t<\/div>\n\t\t\t\t\t<\/div>\n\t\t<\/div>\n\t\t\t\t\t<\/div>\n\t\t<\/section>\n\t\t\t\t<\/div>\n\t\t","protected":false},"excerpt":{"rendered":"<p>&#8220;PROFILINK Premium&#8221; je 6-komorski i 5-komorski sistem sa dubinom profila od 70 mm, za proizvodnju PVC prozora visokog kvaliteta. Ovaj sistem se odlikuje svojim lijepim dizajnom i mogu\u0107no\u0161\u0107u da se renoviraju stari prozori (sa okvirom Renovation), kao i da se &hellip; <a href=\"https:\/\/www.saemcompany.com\/?page_id=84\">pro\u010ditajte vi\u0161e<\/a><\/p>\n","protected":false},"author":1,"featured_media":0,"parent":0,"menu_order":0,"comment_status":"closed","ping_status":"closed","template":"page-fullwidth.php","meta":{"kt_blocks_editor_width":"","footnotes":""},"class_list":["post-84","page","type-page","status-publish","hentry"],"_links":{"self":[{"href":"https:\/\/www.saemcompany.com\/index.php?rest_route=\/wp\/v2\/pages\/84","targetHints":{"allow":["GET"]}}],"collection":[{"href":"https:\/\/www.saemcompany.com\/index.php?rest_route=\/wp\/v2\/pages"}],"about":[{"href":"https:\/\/www.saemcompany.com\/index.php?rest_route=\/wp\/v2\/types\/page"}],"author":[{"embeddable":true,"href":"https:\/\/www.saemcompany.com\/index.php?rest_route=\/wp\/v2\/users\/1"}],"replies":[{"embeddable":true,"href":"https:\/\/www.saemcompany.com\/index.php?rest_route=%2Fwp%2Fv2%2Fcomments&post=84"}],"version-history":[{"count":19,"href":"https:\/\/www.saemcompany.com\/index.php?rest_route=\/wp\/v2\/pages\/84\/revisions"}],"predecessor-version":[{"id":999,"href":"https:\/\/www.saemcompany.com\/index.php?rest_route=\/wp\/v2\/pages\/84\/revisions\/999"}],"wp:attachment":[{"href":"https:\/\/www.saemcompany.com\/index.php?rest_route=%2Fwp%2Fv2%2Fmedia&parent=84"}],"curies":[{"name":"wp","href":"https:\/\/api.w.org\/{rel}","templated":true}]}}