{"id":88,"date":"2015-04-22T20:15:51","date_gmt":"2015-04-22T20:15:51","guid":{"rendered":"http:\/\/sksfbih.ba:8888\/v3\/?page_id=88"},"modified":"2025-08-17T14:08:41","modified_gmt":"2025-08-17T14:08:41","slug":"sistemi-ulaznih-vrata","status":"publish","type":"page","link":"https:\/\/www.saemcompany.com\/?page_id=88","title":{"rendered":"Sistemi ulaznih vrata"},"content":{"rendered":"\t\t<div data-elementor-type=\"wp-page\" data-elementor-id=\"88\" class=\"elementor elementor-88\">\n\t\t\t\t\t\t<section class=\"elementor-section elementor-top-section elementor-element elementor-element-3b44bd34 elementor-section-boxed elementor-section-height-default elementor-section-height-default\" data-id=\"3b44bd34\" data-element_type=\"section\">\n\t\t\t\t\t\t<div class=\"elementor-container elementor-column-gap-default\">\n\t\t\t\t\t<div class=\"elementor-column elementor-col-100 elementor-top-column elementor-element elementor-element-1f31890e\" data-id=\"1f31890e\" data-element_type=\"column\">\n\t\t\t<div class=\"elementor-widget-wrap elementor-element-populated\">\n\t\t\t\t\t\t<div class=\"elementor-element elementor-element-65d6735a elementor-widget elementor-widget-text-editor\" data-id=\"65d6735a\" data-element_type=\"widget\" data-widget_type=\"text-editor.default\">\n\t\t\t\t<div class=\"elementor-widget-container\">\n\t\t\t\t\t\t\t\t\t<p><img decoding=\"async\" class=\"alignleft size-thumbnail wp-image-366\" src=\"http:\/\/saemcompany.com\/v3\/wp-content\/uploads\/2015\/04\/ulazna_vrata-150x150.jpg\" alt=\"ulazna_vrata\" width=\"150\" height=\"150\" srcset=\"https:\/\/www.saemcompany.com\/wp-content\/uploads\/2015\/04\/ulazna_vrata-150x150.jpg 150w, https:\/\/www.saemcompany.com\/wp-content\/uploads\/2015\/04\/ulazna_vrata-300x300.jpg 300w, https:\/\/www.saemcompany.com\/wp-content\/uploads\/2015\/04\/ulazna_vrata.jpg 1000w\" sizes=\"(max-width: 150px) 100vw, 150px\" \/><\/p><p>&#8220;PROFILINK Premium&#8221; je 5-komorni sistem sa dubinom profila od 70 mm, za proizvodnju PVC ulaznih vrata visokog kvaliteta.<\/p><p>Osnovna tehni\u010dka karakteristika je \u010deli\u010dna armatura \u0161to ve\u0107ih dimenzija i zalemljene uglaste sklopke, koji garantuju visoku stabilnost proizvoda i za\u0161titu od provala. Specijalno dizajnirane izolacione komore daju vratima veoma dobre toplotno-za\u0161titne osobine<\/p><blockquote><h6><em>Specijalno dizajnirane izolacione komore daju vratima veoma dobre izolacione osobine.<\/em><\/h6><h6><em>Za\u0161tita od buke dosti\u017ee do odli\u010dnog nivoa sa normalnim staklo-paketom, a sa specijalnim staklima se posti\u017eu jo\u0161 ve\u0107i nivoi za\u0161tite.<\/em><\/h6><h6><em>Rezultati testova osposobljenosti, kada su u pitanju propustljivost vazduha i gustina izolacije, prilikom jake ki\u0161e, odgovaraju najvi\u0161im zahtevima.<\/em><\/h6><h6><em>Visoko kvalitetni i izdr\u017eljivi, proizvodi PROFILINK se odlikuju dugoro\u010dnim periodom upotrebe.<\/em><\/h6><\/blockquote>\t\t\t\t\t\t\t\t<\/div>\n\t\t\t\t<\/div>\n\t\t\t\t\t<\/div>\n\t\t<\/div>\n\t\t\t\t\t<\/div>\n\t\t<\/section>\n\t\t\t\t<\/div>\n\t\t","protected":false},"excerpt":{"rendered":"<p>&#8220;PROFILINK Premium&#8221; je 5-komorni sistem sa dubinom profila od 70 mm, za proizvodnju PVC ulaznih vrata visokog kvaliteta. Osnovna tehni\u010dka karakteristika je \u010deli\u010dna armatura \u0161to ve\u0107ih dimenzija i zalemljene uglaste sklopke, koji garantuju visoku stabilnost proizvoda i za\u0161titu od provala. &hellip; <a href=\"https:\/\/www.saemcompany.com\/?page_id=88\">pro\u010ditajte vi\u0161e<\/a><\/p>\n","protected":false},"author":1,"featured_media":0,"parent":0,"menu_order":0,"comment_status":"closed","ping_status":"closed","template":"page-fullwidth.php","meta":{"kt_blocks_editor_width":"","footnotes":""},"class_list":["post-88","page","type-page","status-publish","hentry"],"_links":{"self":[{"href":"https:\/\/www.saemcompany.com\/index.php?rest_route=\/wp\/v2\/pages\/88","targetHints":{"allow":["GET"]}}],"collection":[{"href":"https:\/\/www.saemcompany.com\/index.php?rest_route=\/wp\/v2\/pages"}],"about":[{"href":"https:\/\/www.saemcompany.com\/index.php?rest_route=\/wp\/v2\/types\/page"}],"author":[{"embeddable":true,"href":"https:\/\/www.saemcompany.com\/index.php?rest_route=\/wp\/v2\/users\/1"}],"replies":[{"embeddable":true,"href":"https:\/\/www.saemcompany.com\/index.php?rest_route=%2Fwp%2Fv2%2Fcomments&post=88"}],"version-history":[{"count":38,"href":"https:\/\/www.saemcompany.com\/index.php?rest_route=\/wp\/v2\/pages\/88\/revisions"}],"predecessor-version":[{"id":1006,"href":"https:\/\/www.saemcompany.com\/index.php?rest_route=\/wp\/v2\/pages\/88\/revisions\/1006"}],"wp:attachment":[{"href":"https:\/\/www.saemcompany.com\/index.php?rest_route=%2Fwp%2Fv2%2Fmedia&parent=88"}],"curies":[{"name":"wp","href":"https:\/\/api.w.org\/{rel}","templated":true}]}}