{"id":92,"date":"2015-04-22T20:16:23","date_gmt":"2015-04-22T20:16:23","guid":{"rendered":"http:\/\/sksfbih.ba:8888\/v3\/?page_id=92"},"modified":"2025-08-17T14:07:54","modified_gmt":"2025-08-17T14:07:54","slug":"sistemi-za-zastitu-od-sunca","status":"publish","type":"page","link":"https:\/\/www.saemcompany.com\/?page_id=92","title":{"rendered":"Sistemi za za\u0161titu od sunca"},"content":{"rendered":"\t\t<div data-elementor-type=\"wp-page\" data-elementor-id=\"92\" class=\"elementor elementor-92\">\n\t\t\t\t\t\t<section class=\"elementor-section elementor-top-section elementor-element elementor-element-7ddff7f5 elementor-section-boxed elementor-section-height-default elementor-section-height-default\" data-id=\"7ddff7f5\" data-element_type=\"section\">\n\t\t\t\t\t\t<div class=\"elementor-container elementor-column-gap-default\">\n\t\t\t\t\t<div class=\"elementor-column elementor-col-100 elementor-top-column elementor-element elementor-element-333f20\" data-id=\"333f20\" data-element_type=\"column\">\n\t\t\t<div class=\"elementor-widget-wrap elementor-element-populated\">\n\t\t\t\t\t\t<div class=\"elementor-element elementor-element-32295f9 elementor-widget elementor-widget-text-editor\" data-id=\"32295f9\" data-element_type=\"widget\" data-widget_type=\"text-editor.default\">\n\t\t\t\t<div class=\"elementor-widget-container\">\n\t\t\t\t\t\t\t\t\t<p><img fetchpriority=\"high\" decoding=\"async\" class=\"alignleft size-medium wp-image-278\" src=\"http:\/\/saemcompany.com\/v3\/wp-content\/uploads\/2015\/04\/zastita_od_sunca-225x300.jpg\" alt=\"zastita_od_sunca\" width=\"225\" height=\"300\" srcset=\"https:\/\/www.saemcompany.com\/wp-content\/uploads\/2015\/04\/zastita_od_sunca-225x300.jpg 225w, https:\/\/www.saemcompany.com\/wp-content\/uploads\/2015\/04\/zastita_od_sunca.jpg 750w\" sizes=\"(max-width: 225px) 100vw, 225px\" \/><\/p><p>\u00a0<\/p><p>Roletne obezbje\u0111uju udobnost i \u0161tite nas od ne\u017eeljenih pogleda, a istovremeno nas \u0161tite i od hladno\u0107e, vru\u0107ine, buke, vjetra, ki\u0161e, grada i direktne sun\u010deve svjetlosti. Njihove izolacione osobine poma\u017eu kod smanjenja tro\u0161kova za toplotnu energiju.<\/p><p>\u00a0<\/p><p>\u00a0<\/p><p>\u00a0<\/p><p>\u00a0<\/p><p>\u00a0<\/p><p>\u00a0<\/p><p>\u00a0<\/p><p>\u00a0<\/p><p>\u00a0<\/p><blockquote><h6>Pri zatvorenim roletnama, termoizolacija prozora sa staklo-paketom tokom hladnih mjeseci se pobolj\u0161ava za 25%.<\/h6><h6>Mogu\u0107nost regulisanja roletni omogu\u0107ava za\u0161titu od direktne sun\u010deve svjetlosti, dok istovremeno stvaraju prijatnu mikro klimu. Konstrukcija lamela stvara zra\u010dni\u00a0jastuk, koji slu\u017ei kao dodatna izolacija.<\/h6><h6>Specijalna konstrukcija roletni GoldRoll omogu\u0107ava postavljanje rolo komarnika, koji ostaje nevidljiv i na taj na\u010din, Va\u0161 dom je tokom toplih mjeseci za\u0161ti\u0107en od insekata.<\/h6><h6>Za\u0161tita od buke je zna\u010dajno pove\u0107ana stvaranjem me\u0111uprostora izme\u0111u prozora i roletni.<\/h6><h6>Veoma kvalitetni i izdr\u017eljivi, proizvodi PROFILINK se odlikuju dugim periodom kori\u0161tenja.<\/h6><\/blockquote>\t\t\t\t\t\t\t\t<\/div>\n\t\t\t\t<\/div>\n\t\t\t\t\t<\/div>\n\t\t<\/div>\n\t\t\t\t\t<\/div>\n\t\t<\/section>\n\t\t\t\t<\/div>\n\t\t","protected":false},"excerpt":{"rendered":"<p>\u00a0 Roletne obezbje\u0111uju udobnost i \u0161tite nas od ne\u017eeljenih pogleda, a istovremeno nas \u0161tite i od hladno\u0107e, vru\u0107ine, buke, vjetra, ki\u0161e, grada i direktne sun\u010deve svjetlosti. Njihove izolacione osobine poma\u017eu kod smanjenja tro\u0161kova za toplotnu energiju. \u00a0 \u00a0 \u00a0 \u00a0 &hellip; <a href=\"https:\/\/www.saemcompany.com\/?page_id=92\">pro\u010ditajte vi\u0161e<\/a><\/p>\n","protected":false},"author":1,"featured_media":0,"parent":0,"menu_order":0,"comment_status":"closed","ping_status":"closed","template":"page-fullwidth.php","meta":{"kt_blocks_editor_width":"","footnotes":""},"class_list":["post-92","page","type-page","status-publish","hentry"],"_links":{"self":[{"href":"https:\/\/www.saemcompany.com\/index.php?rest_route=\/wp\/v2\/pages\/92","targetHints":{"allow":["GET"]}}],"collection":[{"href":"https:\/\/www.saemcompany.com\/index.php?rest_route=\/wp\/v2\/pages"}],"about":[{"href":"https:\/\/www.saemcompany.com\/index.php?rest_route=\/wp\/v2\/types\/page"}],"author":[{"embeddable":true,"href":"https:\/\/www.saemcompany.com\/index.php?rest_route=\/wp\/v2\/users\/1"}],"replies":[{"embeddable":true,"href":"https:\/\/www.saemcompany.com\/index.php?rest_route=%2Fwp%2Fv2%2Fcomments&post=92"}],"version-history":[{"count":10,"href":"https:\/\/www.saemcompany.com\/index.php?rest_route=\/wp\/v2\/pages\/92\/revisions"}],"predecessor-version":[{"id":1003,"href":"https:\/\/www.saemcompany.com\/index.php?rest_route=\/wp\/v2\/pages\/92\/revisions\/1003"}],"wp:attachment":[{"href":"https:\/\/www.saemcompany.com\/index.php?rest_route=%2Fwp%2Fv2%2Fmedia&parent=92"}],"curies":[{"name":"wp","href":"https:\/\/api.w.org\/{rel}","templated":true}]}}