{"id":97,"date":"2015-04-22T20:17:21","date_gmt":"2015-04-22T20:17:21","guid":{"rendered":"http:\/\/sksfbih.ba:8888\/v3\/?page_id=97"},"modified":"2019-08-15T06:50:09","modified_gmt":"2019-08-15T06:50:09","slug":"sekciona-garazna-vrata","status":"publish","type":"page","link":"https:\/\/www.saemcompany.com\/?page_id=97","title":{"rendered":"Sekciona gara\u017ena vrata"},"content":{"rendered":"<p><img fetchpriority=\"high\" decoding=\"async\" class=\"alignleft size-full wp-image-299\" src=\"http:\/\/saemcompany.com\/v3\/wp-content\/uploads\/2015\/04\/sekciona_vrata.jpg\" alt=\"sekciona_vrata\" width=\"300\" height=\"257\" \/><\/p>\n<p>Gara\u017ena vrata su proizvedena od vrhunskih komponenti, koja proizvodimo po mjeri. Predvi\u0111ena su za vi\u0161egodi\u0161njii radni vijek, pa je na\u0161 izbor saradnja sa najpoznatijim firmama iz ove oblasti.<\/p>\n<p>Gara\u017ena vrata se sastoje od tri glavne komponente. Sve tri su jednako va\u017ene za dugotrajno i kvalitetno funkcinisanje a to su paneli, okovi i motori. Ako se odlucite da mi opremimo Va\u0161u gara\u017eu ili poslovni objekat, dobit \u0107ete maksimum kvalitete i sigurnosti za svoj novac.<\/p>\n<p>Na\u0161e prednosti su: vi\u0161egodi\u0161nja garancija, profesionalna i brza isporuka i monta\u017ea, iskustvo i povoljne cijene. Ukoliko sa nama sklopite ugovor o godi\u0161njem odr\u017eavanju, Va\u0161a vrata ce biti na\u0161 problem.<\/p>\n<p>Radimo sve imenzije po zelji kupca prozore u vratima kao i vrata u vratima<\/p>\n<p>Ne\u0161to vi\u0161e o sastavnim dijelovima sekcionih gara\u017enih vrata mo\u017eete pro\u010ditati u nastavku.<\/p>\n<p><strong>Paneli<\/strong><\/p>\n<p>Paneli su proizvod italijanske kompanije <a href=\"http:\/\/www.metecno.com\/\">Metecno<\/a>. Paneli su izra\u0111eni od galvanizovanog, pa plastificiranog \u010deli\u010dnog\u00a0lima. Plastifikacija je zavr\u0161na obrada panela. To je postupak gdje se boja nanosi u prahu, pa zatim pe\u010de u pe\u010dima na temperaturi oko 200 stepeni. Na toj temperaturi, prah se topi i stvara izuzetno kvalitetnu i otpornu zavr\u0161nu boju. Prostor izme\u0111u limova je ispunjen poliuretanom (pur pjena) i odli\u010dan je toplotni izolator. Pored toplotne, paneli su odli\u010dan zvu\u010dni izolator. U ponudi imamo vi\u0161e vrsta panela za gara\u017ena vrata, sa razli\u010ditim motivima. Panel kocka je vrsta koju najvi\u0161e biraju na\u0161i kupci za gara\u017ena\u00a0vrata. Panel linije je sljede\u0107i model po popularnosti kod na\u0161ih kupaca. Ovaj model se \u010desto koristi i za izradu industrijskih vrata. U ponudi imamo i ravan panel kao i panel sa jednom linijom.<\/p>\n<p><strong>Okovi<\/strong><\/p>\n<p>Okovi su proizvod Holandske firme <a href=\"http:\/\/www.flexiforce.com\/EN\/\">Flexy Force<\/a>. Okovi su svi elementi koji su uklju\u010deni u pokretanje vrata, od horizontalnih i vertikalnih vo\u0111ica, preko \u0161arki pa do brave za deblokadu vrata. Okovi su ki\u010dma gara\u017enih vrata. Koristimo okove sa dvije opruge. Kod okova sa dvije opruge torzione sile su mnogo ravnomjernije raspore\u0111ene, pa je mnogo manje uvijanja i optere\u010denja dijelova\u00a0okova. Va\u017eno je da okov ima dvije opruge jer tako motor radi rastere\u010deno, \u0161to garantuje dug radni vijek motora za gara\u017ena vrata. Na tr\u017ei\u0161tu postoji nekoliko vrsta okova, pa je potrebno obratiti pa\u017enju za koji se tip opredjeljujete.<\/p>\n<p><strong>Motori<\/strong><\/p>\n<p>Motori za gara\u017ena vrata su dio bez kojih je gotovo nemogu\u0107e zamisliti segmentna gara\u017ena vrata. Istina je da je mogu\u0107e otvarati ih i rucno, ali po\u0161to \u017eivimo u 21. stolje\u0107u, lijepo je dozvoliti sebi malo luksuza pa ne izlaziti iz vozila, naro\u010dito po lo\u0161em vremenu, ve\u0107 pritiskom na taster, otvoriti ili zatvoriti gara\u017ena vrata. Za automatizaciju gara\u017enih vrata koristimo motore Italijanske kompanije \u201e<a href=\"http:\/\/www.homelife.it\/\">LIFE<\/a>\u201c. To je firma \u010diji smo ovla\u0161teni distributeri. Rije\u010d je o odli\u010dnim ure\u0111ajima, napravljenim od metalnih dijelova, bez plastike u pogonskim elementima. \u010cak i plastini elementi koji se koriste u izradi motora, npr. poklopci ku\u010di\u0161ta, daljinski upravlja\u0107i i drugo, sve je proizvedeno u sopstvenoj fabrici. Zato kompanija \u201eLIFE\u201c sa ponosom, na svakom svom proizvodu, \u0161tampa \u201eMADE IN ITALY\u201c. Za gara\u017ena vrata koristimo plafonske motore serije \u201ePROBO\u201c, od 650N i 1100N. Za industrijska vrata koristimo bocne motore serije \u201eVIS\u201c. Kontrolni panel na svim motorima omogu\u0107ava veliki broj pode\u0161avanja i ugradnje dodatne opreme. Prednost motora \u201cLIFE\u201d u odnosu na konkurenciju je kontrolni panel, jednostavan\u00a0za programiranje i promjenu opcija, tako da \u010dak i potpuni laik mo\u017ee da mjenja\u00a0pode\u0161avanja, bez potrebe za anga\u017eovanjem profesionalnog in\u017eenjera.<\/p>\n","protected":false},"excerpt":{"rendered":"<p>Gara\u017ena vrata su proizvedena od vrhunskih komponenti, koja proizvodimo po mjeri. Predvi\u0111ena su za vi\u0161egodi\u0161njii radni vijek, pa je na\u0161 izbor saradnja sa najpoznatijim firmama iz ove oblasti. Gara\u017ena vrata se sastoje od tri glavne komponente. Sve tri su jednako &hellip; <a href=\"https:\/\/www.saemcompany.com\/?page_id=97\">pro\u010ditajte vi\u0161e<\/a><\/p>\n","protected":false},"author":1,"featured_media":0,"parent":0,"menu_order":0,"comment_status":"closed","ping_status":"closed","template":"page-fullwidth.php","meta":{"kt_blocks_editor_width":"","footnotes":""},"class_list":["post-97","page","type-page","status-publish","hentry"],"_links":{"self":[{"href":"https:\/\/www.saemcompany.com\/index.php?rest_route=\/wp\/v2\/pages\/97","targetHints":{"allow":["GET"]}}],"collection":[{"href":"https:\/\/www.saemcompany.com\/index.php?rest_route=\/wp\/v2\/pages"}],"about":[{"href":"https:\/\/www.saemcompany.com\/index.php?rest_route=\/wp\/v2\/types\/page"}],"author":[{"embeddable":true,"href":"https:\/\/www.saemcompany.com\/index.php?rest_route=\/wp\/v2\/users\/1"}],"replies":[{"embeddable":true,"href":"https:\/\/www.saemcompany.com\/index.php?rest_route=%2Fwp%2Fv2%2Fcomments&post=97"}],"version-history":[{"count":14,"href":"https:\/\/www.saemcompany.com\/index.php?rest_route=\/wp\/v2\/pages\/97\/revisions"}],"predecessor-version":[{"id":505,"href":"https:\/\/www.saemcompany.com\/index.php?rest_route=\/wp\/v2\/pages\/97\/revisions\/505"}],"wp:attachment":[{"href":"https:\/\/www.saemcompany.com\/index.php?rest_route=%2Fwp%2Fv2%2Fmedia&parent=97"}],"curies":[{"name":"wp","href":"https:\/\/api.w.org\/{rel}","templated":true}]}}